{"id":9974,"date":"2026-02-04T09:25:18","date_gmt":"2026-02-04T08:25:18","guid":{"rendered":"https:\/\/www.drescher-consulting.de\/?page_id=9974"},"modified":"2026-02-20T13:38:02","modified_gmt":"2026-02-20T12:38:02","slug":"risk-management","status":"publish","type":"page","link":"https:\/\/www.drescher-consulting.de\/en\/risk-management\/","title":{"rendered":"Risk Management"},"content":{"rendered":"\n<style>\n  \/* === Container === *\/\n  .rm-wrap {\n    max-width: 1200px;\n    margin: 0 auto;\n    padding: 0 1rem;\n    font-family: inherit;\n    font-weight: 400;\n  }\n\n  \/* === \u00dcberschriften === *\/\n  .rm-wrap h1 {\n    margin: 0 0 1rem 0;\n    font-weight: 600;\n    position: relative;\n    overflow: hidden;\n  }\n  .rm-wrap h1::after {\n    content: \"\";\n    display: block;\n    width: 60px;\n    height: 3px;\n    background-color: #c9d509;\n    margin-top: 0.4rem;\n    transition: width 0.4s ease;\n  }\n  .rm-wrap h1:hover::after { width: 90px; }\n\n  .rm-wrap h2 {\n    margin: 2rem 0 1rem 0;\n    font-weight: 600;\n    transition: color 0.3s ease;\n  }\n  .rm-wrap h2:hover { color: #c9d509; }\n\n  .rm-wrap h3, .rm-wrap h4 {\n    margin: 1.25rem 0 0.5rem 0;\n    font-weight: 600;\n  }\n\n  \/* === Einleitendes Zitat === *\/\n  .rm-lead {\n    margin: 0.75rem 0 1.5rem;\n    padding-left: 1rem;\n    border-left: 3px solid #d9d9d9;\n    font-style: italic;\n    font-weight: 500;\n    opacity: 0;\n    animation: fadeIn 1.2s ease forwards;\n  }\n\n  @keyframes fadeIn {\n    from { opacity: 0; transform: translateY(10px); }\n    to   { opacity: 1; transform: translateY(0); }\n  }\n\n  \/* === Aufz\u00e4hlungen === *\/\n  .rm-wrap ul {\n    list-style: none;\n    margin: 0 0 1.2rem 1.2rem;\n    padding: 0;\n    line-height: 1.6;\n    font-size: 0.95em;\n    font-weight: 400;\n  }\n\n  .rm-wrap ul li {\n    position: relative;\n    margin-bottom: 1rem;\n    padding-left: 1.6rem;\n  }\n\n  .rm-wrap ul li::before {\n    content: \"\";\n    position: absolute;\n    left: 0;\n    top: 0.6em;\n    width: 6px;\n    height: 6px;\n    background-color: #c9d509;\n    border-radius: 1px;\n  }\n\n  \/* Wenn direkt nach einer Liste ein Absatz kommt *\/\n  .rm-wrap ul + p { margin-top: 0.6rem; }\n\n  \/* === Bild === *\/\n  .rm-figure {\n    text-align: center;\n    margin: 5.5rem 0 3.0rem;\n  }\n  .rm-figure img {\n    max-width: 100%;\n    width: 100%;\n    height: auto;\n    border-radius: 8px;\n    display: block;\n    margin: 0 auto;\n    box-shadow: 0 0 0 rgba(0,0,0,0);\n    transition: transform 0.4s ease, box-shadow 0.4s ease;\n  }\n  .rm-figure img:hover {\n    transform: scale(1.02);\n    box-shadow: 0 4px 15px rgba(0,0,0,0.08);\n  }\n\n  \/* === CTA-Button === *\/\n  .rm-cta {\n    text-align: center;\n    margin: 1.7rem 0 2.5rem;\n  }\n  .rm-btn {\n    display: inline-block;\n    font-size: 1.06em;\n    line-height: 1;\n    padding: 0.8rem 1.2rem;\n    border: 2px solid #c9d509;\n    border-radius: 8px;\n    color: #2b2b2b;\n    background-color: transparent;\n    text-decoration: none;\n    transition: background-color 0.25s ease, color 0.25s ease, box-shadow 0.25s ease, transform 0.2s ease;\n  }\n  .rm-btn:hover {\n    background-color: #c9d509;\n    color: #fff;\n    transform: translateY(-1px);\n    box-shadow: 0 6px 18px rgba(0,0,0,0.06);\n  }\n\n  .rm-btn:focus-visible {\n    outline: 3px solid #c9d509;\n    outline-offset: 4px;\n  }\n\n   \/* === Kontaktbereich === *\/\n  .rm-contact {\n    margin-top: 2rem;\n    padding-top: 1rem;\n    border-top: 1px solid #e2e2e2;\n    display: grid;\n    grid-template-columns: repeat(auto-fit, minmax(250px,1fr));\n    gap: 1.5rem;\n  }\n  .rm-person {\n    border: 1px solid transparent;\n    border-radius: 8px;\n    background-color: #fff;\n    padding: 0.8rem 1rem;\n    transition: border-color 0.25s ease, box-shadow 0.25s ease, transform 0.25s ease;\n  }\n  .rm-person:hover {\n    border-color: #f0f2d0;\n    box-shadow: 0 6px 18px rgba(0, 0, 0, 0.06);\n    transform: translateY(-2px);\n  }\n  .rm-person h4 { margin-bottom: 0.4rem; }\n  .rm-person a {\n    color: #c9d509;\n    text-decoration: none;\n    transition: color 0.3s ease;\n  }\n  .rm-person a:hover { color: #a4b800; text-decoration: underline; }\n\n  \/* === NEU: Fotos in den Kontaktkarten \u2013 sorgt f\u00fcr gleiche Bildgr\u00f6\u00dfe === *\/\n  .rm-photo {\n    width: 100%;\n    aspect-ratio: 4 \/ 3;      \/* gleiches Seitenverh\u00e4ltnis f\u00fcr beide Bilder *\/\n    overflow: hidden;\n    border-radius: 8px;\n    margin-bottom: 0.8rem;\n    background: #f7f7f7;\n  }\n\n  .rm-photo img {\n    width: 100%;\n    height: 100%;\n    object-fit: cover;        \/* f\u00fcllt den Rahmen *\/\n    object-position: top center; \/* Kopf bleibt sichtbar *\/\n    display: block;\n  }\n\n  \/* === Sanfte Fade-In Animation === *\/\n  .rm-wrap p, .rm-wrap ul { animation: fadeIn 0.8s ease forwards; opacity: 0; }\n  @keyframes fadeIn {\n    from { opacity: 0; transform: translateY(6px); }\n    to   { opacity: 1; transform: translateY(0); }\n  }\n\/* === NUR \"Ihr Mehrwert\"-Liste: gr\u00fcne H\u00e4kchen statt K\u00e4stchen === *\/\n.rm-wrap ul.rm-checklist {\n  list-style: none !important;\n  margin: 0 0 1.2rem 1.2rem !important;\n  padding: 0 !important;\n  font-size: 1em !important;\n  line-height: 1.6 !important;\n}\n\n.rm-wrap ul.rm-checklist > li {\n  position: relative !important;\n  margin-bottom: 1rem !important;\n  padding-left: 1.8rem !important;\n}\n\n\/* altes Quadrat sicher entfernen *\/\n.rm-wrap ul.rm-checklist > li::before {\n  content: \"\u2713\" !important;\n  position: absolute !important;\n  left: 0 !important;\n  top: 0.1em !important;\n  width: auto !important;\n  height: auto !important;\n  background: none !important;\n  border-radius: 0 !important;\n  color: #c9d509 !important;\n  font-size: 1.2em !important;\n  font-weight: 700 !important;\n  line-height: 1 !important;\n}\n\n<\/style>\n\n<div class=\"rm-wrap\">\n\n  <h1>Risk Management<\/h1>\n\n  <p class=\"rm-lead\"><strong>\u201cYou can\u2019t manage risks if you don\u2019t understand them.\u201d<\/strong><\/p>\n\n  <p>\n    That is why we support you in identifying potential risks at an early stage, assessing them in a structured manner, and managing them effectively \u2014 across all project phases.\n    By applying proven methods and targeted measures, we make development, ramp-up, and series production risks transparent and controllable.\n  <\/p>\n\n  <h2>As an essential component of preventive quality management, we help to ensure:<\/h2>\n   <ul class=\"rm-checklist\">\n    <li>Early identification of potential hazards to minimize damage \u2014 especially in new product development or change management projects<\/li>\n    <li>Recognizing and leveraging opportunities \u2014 risk management as a strategic tool for unlocking potential<\/li>\n    <li>Sound decision-making under uncertainty \u2014 maintaining the ability to act, even in complex situations, through clear decision-making foundations<\/li>\n  <\/ul>\n\n  <h2><strong>Services We Provide:<\/strong><\/h2> <ul> <li><strong>End-to-end risk analysis, assessment, and mitigation<\/strong> \u2014 our systematic and preventive risk management process minimizes potential risks and their impact from the very start of the project.<\/li> <li>Integration of <strong>defect-prevention methods within the product development process<\/strong> such as Six Sigma, design reviews, system\/design\/process FMEA, and lessons learned.<\/li> <li>Cross-functional <strong>FMEA coordination, setup, facilitation, and reviews<\/strong> to improve product quality.<\/li> <li>Delivery of <strong>FMEA training<\/strong> (e.g., using software solutions such as APIS or Siemens Teamcenter) to further develop your internal capabilities.<\/li> <\/ul>\n\n  <div class=\"rm-figure\">\n    <img decoding=\"async\" src=\"https:\/\/www.drescher-consulting.de\/wp-content\/uploads\/2026\/02\/Risikomanagement_englisch-scaled.png\" alt=\"Illustration Risk Management\">\n  <\/div>\n\n  <div class=\"rm-cta\">\n    <a class=\"rm-btn\" href=\"https:\/\/www.drescher-consulting.de\/en\/consulting\/quality-management\/\">Back to the main page<\/a>\n  <\/div>\n\n  <h2>Request a Consultation on Risk Management:<\/h2>\n\n  <div class=\"rm-contact\">\n\n    <div class=\"rm-person\">\n      <div class=\"rm-photo\">\n        <img decoding=\"async\" src=\"https:\/\/www.drescher-consulting.de\/wp-content\/uploads\/2026\/02\/Kontaktbild-Rainer.png\" alt=\"Rainer Schmidt \u2013 Drescher Consulting\">\n      <\/div>\n      <h4>Rainer Schmidt<\/h4>\n      <p><strong>Mobile:<\/strong> +49 152 028 301 73<br>\n      <strong>Email:<\/strong> <a href=\"mailto:rainer.schmidt@drescher-consulting.de\">rainer.schmidt@drescher-consulting.de<\/a><\/p>\n    <\/div>\n\n    <div class=\"rm-person\">\n      <div class=\"rm-photo\">\n        <img decoding=\"async\" src=\"https:\/\/www.drescher-consulting.de\/wp-content\/uploads\/2025\/01\/High_Res_FT3A5172_RE_WEI-scaled-e1737723587847.jpg\" alt=\"Julian Weinmann \u2013 Drescher Consulting\">\n      <\/div>\n      <h4>Julian Weinmann<\/h4>\n      <p><strong>Mobile:<\/strong> +49 172 405 4267<br>\n      <strong>Email:<\/strong> <a href=\"mailto:julian.weinmann@drescher-consulting.de\">julian.weinmann@drescher-consulting.de<\/a><\/p>\n    <\/div>\n\n  <\/div>\n\n<\/div>\n","protected":false},"excerpt":{"rendered":"<p>Risk Management \u201cYou can\u2019t manage risks if you don\u2019t understand them.\u201d That is why we support you in identifying potential risks at an early stage, assessing them in a structured manner, and managing them effectively \u2014 across all project phases. By applying proven methods and targeted measures, we make development, ramp-up, and series production risks&#8230;<\/p>\n<p class=\"more-link\"><a href=\"https:\/\/www.drescher-consulting.de\/en\/risk-management\/\" class=\"\"><span>Read More<\/span><i>&#43;<\/i><\/a><\/p>\n","protected":false},"author":18,"featured_media":9929,"parent":0,"menu_order":0,"comment_status":"closed","ping_status":"closed","template":"","meta":{"footnotes":""},"categories":[],"tags":[],"class_list":["post-9974","page","type-page","status-publish","has-post-thumbnail","hentry"],"_links":{"self":[{"href":"https:\/\/www.drescher-consulting.de\/en\/wp-json\/wp\/v2\/pages\/9974","targetHints":{"allow":["GET"]}}],"collection":[{"href":"https:\/\/www.drescher-consulting.de\/en\/wp-json\/wp\/v2\/pages"}],"about":[{"href":"https:\/\/www.drescher-consulting.de\/en\/wp-json\/wp\/v2\/types\/page"}],"author":[{"embeddable":true,"href":"https:\/\/www.drescher-consulting.de\/en\/wp-json\/wp\/v2\/users\/18"}],"replies":[{"embeddable":true,"href":"https:\/\/www.drescher-consulting.de\/en\/wp-json\/wp\/v2\/comments?post=9974"}],"version-history":[{"count":5,"href":"https:\/\/www.drescher-consulting.de\/en\/wp-json\/wp\/v2\/pages\/9974\/revisions"}],"predecessor-version":[{"id":10309,"href":"https:\/\/www.drescher-consulting.de\/en\/wp-json\/wp\/v2\/pages\/9974\/revisions\/10309"}],"wp:featuredmedia":[{"embeddable":true,"href":"https:\/\/www.drescher-consulting.de\/en\/wp-json\/wp\/v2\/media\/9929"}],"wp:attachment":[{"href":"https:\/\/www.drescher-consulting.de\/en\/wp-json\/wp\/v2\/media?parent=9974"}],"wp:term":[{"taxonomy":"category","embeddable":true,"href":"https:\/\/www.drescher-consulting.de\/en\/wp-json\/wp\/v2\/categories?post=9974"},{"taxonomy":"post_tag","embeddable":true,"href":"https:\/\/www.drescher-consulting.de\/en\/wp-json\/wp\/v2\/tags?post=9974"}],"curies":[{"name":"wp","href":"https:\/\/api.w.org\/{rel}","templated":true}]}}