{"id":10021,"date":"2026-02-04T10:10:30","date_gmt":"2026-02-04T09:10:30","guid":{"rendered":"https:\/\/www.drescher-consulting.de\/?page_id=10021"},"modified":"2026-02-20T13:47:28","modified_gmt":"2026-02-20T12:47:28","slug":"quality-task-force","status":"publish","type":"page","link":"https:\/\/www.drescher-consulting.de\/en\/quality-task-force\/","title":{"rendered":"Quality Task Force"},"content":{"rendered":"\n<style> \n  \/* === Container === *\/\n  .rm-wrap {\n    max-width: 1200px;\n    margin: 0 auto;\n    padding: 0 1rem;\n    font-family: inherit;\n    font-weight: 400;\n  }\n\n  \/* === \u00dcberschriften === *\/\n  .rm-wrap h1 {\n    margin: 0 0 1rem 0;\n    font-weight: 600;\n    position: relative;\n    overflow: hidden;\n  }\n  .rm-wrap h1::after {\n    content: \"\";\n    display: block;\n    width: 60px;\n    height: 3px;\n    background-color: #c9d509;\n    margin-top: 0.4rem;\n    transition: width 0.4s ease;\n  }\n  .rm-wrap h1:hover::after { width: 90px; }\n\n  .rm-wrap h2, .rm-wrap h3 {\n    margin: 3rem 0 1rem 0;\n    font-weight: 600;\n    transition: color 0.3s ease;\n  }\n  .rm-wrap h2:hover, .rm-wrap h3:hover { color: #c9d509; }\n\n  .rm-wrap h4 {\n    margin: 1.25rem 0 0.5rem 0;\n    font-weight: 600;\n  }\n\n  \/* === Lead-Zitat wie bei Risikomanagement === *\/\n  .rm-lead {\n    margin: 0.75rem 0 1.5rem;\n    padding-left: 1rem;\n    border-left: 3px solid #d9d9d9;\n    font-style: italic;\n    font-weight: 500;\n  }\n\n  \/* === Aufz\u00e4hlungen (gr\u00fcne Quadrate, ohne Hover) === *\/\n  .rm-wrap ul {\n    list-style: none;\n    margin: 0 0 1.2rem 1.2rem;\n    padding: 0;\n    line-height: 1.6;\n    font-size: 0.95em;\n    font-weight: 400;\n  }\n  .rm-wrap ul li {\n    position: relative;\n    margin-bottom: 1rem;   \n    padding-left: 1.6rem;  \n  }\n  .rm-wrap ul li::before {\n    content: \"\";\n    position: absolute;\n    left: 0;\n    top: 0.6em;\n    width: 6px;\n    height: 6px;\n    background-color: #c9d509;\n    border-radius: 1px;\n  }\n\n  \/* Wenn direkt nach einer Liste ein Absatz kommt *\/\n  .rm-wrap ul + p { margin-top: 0.6rem; }\n\n  \/* === Bild (mit Hover) === *\/\n  .rm-figure {\n    text-align: center;\n    margin: 5.5rem 0 3.0rem; \n  }\n  .rm-figure img {\n    max-width: 100%;\n    width: 100%;\n    height: auto;\n    border-radius: 8px;\n    display: block;\n    margin: 0 auto;\n    box-shadow: 0 0 0 rgba(0,0,0,0);\n    transition: transform 0.4s ease, box-shadow 0.4s ease;\n  }\n  .rm-figure img:hover {\n    transform: scale(1.02);\n    box-shadow: 0 4px 15px rgba(0,0,0,0.08);\n  }\n\n  \/* === CTA-Button === *\/\n  .rm-cta {\n    text-align: center;\n    margin: 1.7rem 0 2.5rem;\n  }\n  .rm-btn {\n    display: inline-block;\n    font-size: 1.06em;\n    line-height: 1;\n    padding: 0.8rem 1.2rem;\n    border: 2px solid #c9d509;\n    border-radius: 8px;\n    color: #2b2b2b;\n    background-color: transparent;\n    text-decoration: none;\n    transition: background-color 0.25s ease, color 0.25s ease, box-shadow 0.25s ease, transform 0.2s ease;\n  }\n  .rm-btn:hover {\n    background-color: #c9d509;\n    color: #fff;\n    transform: translateY(-1px);\n    box-shadow: 0 6px 18px rgba(0,0,0,0.06);\n  }\n  .rm-btn:focus-visible {\n    outline: 3px solid #c9d509;\n    outline-offset: 4px;\n  }\n\n  \/* === Kontaktbereich === *\/\n  .rm-contact {\n    margin-top: 2rem;\n    padding-top: 1rem;\n    border-top: 1px solid #e2e2e2;\n    display: grid;\n    grid-template-columns: repeat(auto-fit, minmax(250px,1fr));\n    gap: 1.5rem;\n  }\n  .rm-person {\n    border: 1px solid transparent;\n    border-radius: 8px;\n    background-color: #fff;\n    padding: 0.8rem 1rem;\n    transition: border-color 0.25s ease, box-shadow 0.25s ease, transform 0.25s ease;\n  }\n  .rm-person:hover {\n    border-color: #f0f2d0;\n    box-shadow: 0 6px 18px rgba(0, 0, 0, 0.06);\n    transform: translateY(-2px);\n  }\n  .rm-person h4 { margin-bottom: 0.4rem; }\n  .rm-person a {\n    color: #c9d509;\n    text-decoration: none;\n    transition: color 0.3s ease;\n  }\n  .rm-person a:hover { color: #a4b800; text-decoration: underline; }\n\n  \/* === NEU: Fotos in den Kontaktkarten \u2013 sorgt f\u00fcr gleiche Bildgr\u00f6\u00dfe === *\/\n  .rm-photo {\n    width: 100%;\n    aspect-ratio: 4 \/ 3;      \/* gleiches Seitenverh\u00e4ltnis f\u00fcr beide Bilder *\/\n    overflow: hidden;\n    border-radius: 8px;\n    margin-bottom: 0.8rem;\n    background: #f7f7f7;\n  }\n\n  .rm-photo img {\n    width: 100%;\n    height: 100%;\n    object-fit: cover;        \/* f\u00fcllt den Rahmen *\/\n    object-position: top center; \/* Kopf bleibt sichtbar *\/\n    display: block;\n  }\n\n  \/* === Sanfte Fade-In Animation === *\/\n  .rm-wrap p, .rm-wrap ul { animation: fadeIn 0.8s ease forwards; opacity: 0; }\n  @keyframes fadeIn {\n    from { opacity: 0; transform: translateY(6px); }\n    to   { opacity: 1; transform: translateY(0); }\n  }\n\/* === NUR \"Ihr Mehrwert\"-Liste: gr\u00fcne H\u00e4kchen statt K\u00e4stchen === *\/\n.rm-wrap ul.rm-checklist {\n  list-style: none !important;\n  margin: 0 0 1.2rem 1.2rem !important;\n  padding: 0 !important;\n  font-size: 1em !important;\n  line-height: 1.6 !important;\n}\n\n.rm-wrap ul.rm-checklist > li {\n  position: relative !important;\n  margin-bottom: 1rem !important;\n  padding-left: 1.8rem !important;\n}\n\n\/* altes Quadrat sicher entfernen *\/\n.rm-wrap ul.rm-checklist > li::before {\n  content: \"\u2713\" !important;\n  position: absolute !important;\n  left: 0 !important;\n  top: 0.1em !important;\n  width: auto !important;\n  height: auto !important;\n  background: none !important;\n  border-radius: 0 !important;\n  color: #c9d509 !important;\n  font-size: 1.2em !important;\n  font-weight: 700 !important;\n  line-height: 1 !important;\n}\n\n<\/style>\n\n<div class=\"rm-wrap\">\n  <h1>Quality Taskforce<\/h1>\n\n  <!-- Erster Satz im Zitat-Format wie bei Risikomanagement -->\n  <p class=\"rm-lead\"><strong>\u201cTaskforce expertise \u2014 fast, focused, effective.\u201d<\/strong><\/p>\n\n  <p>When things become critical, every minute counts. Our taskforce capability supports you in addressing acute quality issues with immediate impact \u2014 efficient, solution-oriented, and sustainable.<\/p>\n\n  <h3><strong>What we deliver for you:<\/strong><\/h3>\n  <ul>\n    <li><strong>Fast and targeted problem solving<\/strong> \u2014 to prevent damage, minimize risks, and safeguard delivery capability<\/li>\n    <li><strong>Sustainable improvement<\/strong> \u2014 through structured measures with impact beyond the acute situation<\/li>\n    <li><strong>Flexible engagement models<\/strong> \u2014 from assuming leadership roles to strengthening your team with experienced experts<\/li>\n    <li><strong>Provision of required resources<\/strong> \u2014 for efficient management of critical situations<\/li>\n  <\/ul>\n\n  <h3><strong>Our strengths:<\/strong><\/h3>\n <ul class=\"rm-checklist\">\n    <li><strong>Rapid response<\/strong><\/li>\n    <li><strong>Methodological and problem-solving expertise<\/strong><\/li>\n    <li><strong>Flexibility and adaptability<\/strong><\/li>\n    <li><strong>Broad hands-on experience<\/strong> across a wide range of industries<\/li>\n  <\/ul>\n\n  <h3><strong>Support we provide:<\/strong><\/h3>\n  <ul>\n    <li><strong>Leadership of taskforce activities<\/strong> \u2014 professional management of the interdisciplinary taskforce team including task definition, activity steering, action tracking, interface management, status reporting, and use of escalation mechanisms to remove blockers, drive decisions, and ensure achievement of the task force objectives<\/li>\n    <li><strong>Targeted problem solving through deployment of expert teams<\/strong> for unexpected quality or production issues. Our expert teams analyze the situation together with your specialists and develop structured solutions to eliminate root causes. We place particular emphasis on short-term containment to safeguard supply, as well as robust, sustainably effective measures to prevent recurrence<\/li>\n    <li><strong>Elimination of quality-related internal production capacity constraints<\/strong> through targeted support in analyzing issues and steering corrective actions<\/li>\n    <li><strong>Coordination and restoration of external supply capability<\/strong> \u2014 in the event of quality-related supply shortages along the supply chain, we support you \u2014 including on site \u2014 with targeted measures to restore on-time supply<\/li>\n    <li><strong>Support for OEE studies \/ production equipment analysis<\/strong> \u2014 support in improving overall equipment effectiveness by collecting and evaluating OEE metrics<\/li>\n  <\/ul>\n\n  <div class=\"rm-figure\">\n    <img src=\"https:\/\/www.drescher-consulting.de\/wp-content\/uploads\/2026\/02\/Taskforce_Qualitaet_englisch-scaled.png\"\n         alt=\"Illustration of the quality task force by Drescher Consulting\"\n         loading=\"lazy\" decoding=\"async\">\n  <\/div>\n\n  <!-- Button -->\n  <div class=\"rm-cta\">\n    <a class=\"rm-btn\" href=\"https:\/\/www.drescher-consulting.de\/en\/consulting\/quality-management\/\">Back to the main page<\/a>\n  <\/div>\n\n  <h2>Request a consultation for the task force:<\/h2>\n\n <div class=\"rm-contact\">\n\n    <div class=\"rm-person\">\n      <div class=\"rm-photo\">\n        <img decoding=\"async\" src=\"https:\/\/www.drescher-consulting.de\/wp-content\/uploads\/2026\/02\/Kontaktbild-Rainer.png\" alt=\"Rainer Schmidt \u2013 Drescher Consulting\">\n      <\/div>\n      <h4>Rainer Schmidt<\/h4>\n      <p><strong>Mobile:<\/strong> +49 152 028 301 73<br>\n      <strong>Email:<\/strong> <a href=\"mailto:rainer.schmidt@drescher-consulting.de\">rainer.schmidt@drescher-consulting.de<\/a><\/p>\n    <\/div>\n\n    <div class=\"rm-person\">\n      <div class=\"rm-photo\">\n        <img decoding=\"async\" src=\"https:\/\/www.drescher-consulting.de\/wp-content\/uploads\/2025\/01\/High_Res_FT3A5172_RE_WEI-scaled-e1737723587847.jpg\" alt=\"Julian Weinmann \u2013 Drescher Consulting\">\n      <\/div>\n      <h4>Julian Weinmann<\/h4>\n      <p><strong>Mobile:<\/strong> +49 172 405 4267<br>\n      <strong>Email:<\/strong> <a href=\"mailto:julian.weinmann@drescher-consulting.de\">julian.weinmann@drescher-consulting.de<\/a><\/p>\n    <\/div>\n\n  <\/div>\n\n<\/div>\n","protected":false},"excerpt":{"rendered":"<p>Quality Taskforce \u201cTaskforce expertise \u2014 fast, focused, effective.\u201d When things become critical, every minute counts. Our taskforce capability supports you in addressing acute quality issues with immediate impact \u2014 efficient, solution-oriented, and sustainable. What we deliver for you: Fast and targeted problem solving \u2014 to prevent damage, minimize risks, and safeguard delivery capability Sustainable improvement&#8230;<\/p>\n<p class=\"more-link\"><a href=\"https:\/\/www.drescher-consulting.de\/en\/quality-task-force\/\" class=\"\"><span>Read More<\/span><i>&#43;<\/i><\/a><\/p>\n","protected":false},"author":18,"featured_media":9927,"parent":0,"menu_order":0,"comment_status":"closed","ping_status":"closed","template":"","meta":{"footnotes":""},"categories":[],"tags":[],"class_list":["post-10021","page","type-page","status-publish","has-post-thumbnail","hentry"],"_links":{"self":[{"href":"https:\/\/www.drescher-consulting.de\/en\/wp-json\/wp\/v2\/pages\/10021","targetHints":{"allow":["GET"]}}],"collection":[{"href":"https:\/\/www.drescher-consulting.de\/en\/wp-json\/wp\/v2\/pages"}],"about":[{"href":"https:\/\/www.drescher-consulting.de\/en\/wp-json\/wp\/v2\/types\/page"}],"author":[{"embeddable":true,"href":"https:\/\/www.drescher-consulting.de\/en\/wp-json\/wp\/v2\/users\/18"}],"replies":[{"embeddable":true,"href":"https:\/\/www.drescher-consulting.de\/en\/wp-json\/wp\/v2\/comments?post=10021"}],"version-history":[{"count":4,"href":"https:\/\/www.drescher-consulting.de\/en\/wp-json\/wp\/v2\/pages\/10021\/revisions"}],"predecessor-version":[{"id":10317,"href":"https:\/\/www.drescher-consulting.de\/en\/wp-json\/wp\/v2\/pages\/10021\/revisions\/10317"}],"wp:featuredmedia":[{"embeddable":true,"href":"https:\/\/www.drescher-consulting.de\/en\/wp-json\/wp\/v2\/media\/9927"}],"wp:attachment":[{"href":"https:\/\/www.drescher-consulting.de\/en\/wp-json\/wp\/v2\/media?parent=10021"}],"wp:term":[{"taxonomy":"category","embeddable":true,"href":"https:\/\/www.drescher-consulting.de\/en\/wp-json\/wp\/v2\/categories?post=10021"},{"taxonomy":"post_tag","embeddable":true,"href":"https:\/\/www.drescher-consulting.de\/en\/wp-json\/wp\/v2\/tags?post=10021"}],"curies":[{"name":"wp","href":"https:\/\/api.w.org\/{rel}","templated":true}]}}